{"id":3870,"date":"2023-02-06T23:10:54","date_gmt":"2023-02-06T22:10:54","guid":{"rendered":"https:\/\/la-transparence.fr\/activities\/"},"modified":"2023-03-20T21:23:19","modified_gmt":"2023-03-20T20:23:19","slug":"activities","status":"publish","type":"page","link":"https:\/\/la-transparence.fr\/en\/welcome-to-la-transparence\/activities\/","title":{"rendered":"Activities"},"content":{"rendered":"\n<p>Facing the most iconic volcanoes of the <strong>Cha\u00eene des Puys<\/strong> in the middle of nature on a site of more than 11,000 square meters La Transparence remains at the <strong>heart of the action<\/strong>.<\/p>\n\n<h4 class=\"has-text-align-center wp-block-heading\"><strong>Here you are never far from anything!<\/strong><\/h4>\n\n<div class=\"wp-block-columns is-layout-flex wp-container-core-columns-is-layout-9d6595d7 wp-block-columns-is-layout-flex\">\n<div class=\"wp-block-column is-layout-flow wp-block-column-is-layout-flow\">\n<ul class=\"wp-block-list\">\n<li>Highway A89<\/li>\n\n\n\n<li>Clermont Ferrand<\/li>\n\n\n\n<li>Puy de D\u00f4me<\/li>\n\n\n\n<li>VULCANIA<\/li>\n\n\n\n<li>Animal Park of Auvergne<\/li>\n\n\n\n<li>Castle of Murol<\/li>\n<\/ul>\n<\/div>\n\n\n\n<div class=\"wp-block-column is-layout-flow wp-block-column-is-layout-flow\">\n<ul class=\"wp-block-list\">\n<li>Lake of Aydat<\/li>\n\n\n\n<li>Lake of Guery<\/li>\n\n\n\n<li>Volcano of Lemptegy<\/li>\n\n\n\n<li>Cave of the Volvic stone<\/li>\n\n\n\n<li>Plateau of Gergovie<\/li>\n\n\n\n<li>GR 441<\/li>\n<\/ul>\n<\/div>\n<\/div>\n\n<div class=\"wp-block-buttons is-content-justification-right is-layout-flex wp-container-core-buttons-is-layout-765c4724 wp-block-buttons-is-layout-flex\">\n<div class=\"wp-block-button\"><a class=\"wp-block-button__link has-text-color has-background wp-element-button\" href=\"https:\/\/la-transparence.fr\/a-faire-a-voir-en-auvergne\/\" style=\"color:#f3b490;background-color:#57745a\">more&#8230;<\/a><\/div>\n<\/div>\n","protected":false},"excerpt":{"rendered":"<p>Facing the most iconic volcanoes of the Cha\u00eene des Puys in the middle of nature on a site of more than 11,000 square meters La Transparence remains at the heart of the action. Here you are never far from anything!<\/p>\n","protected":false},"author":1,"featured_media":3768,"parent":3956,"menu_order":4,"comment_status":"closed","ping_status":"closed","template":"","meta":{"footnotes":""},"class_list":["post-3870","page","type-page","status-publish","has-post-thumbnail","hentry"],"yoast_head":"<!-- This site is optimized with the Yoast SEO plugin v27.5 - https:\/\/yoast.com\/product\/yoast-seo-wordpress\/ -->\n<title>Activities - La Transparence<\/title>\n<meta name=\"robots\" content=\"index, follow, max-snippet:-1, max-image-preview:large, max-video-preview:-1\" \/>\n<link rel=\"canonical\" href=\"https:\/\/la-transparence.fr\/en\/welcome-to-la-transparence\/activities\/\" \/>\n<meta property=\"og:locale\" content=\"en_US\" \/>\n<meta property=\"og:type\" content=\"article\" \/>\n<meta property=\"og:title\" content=\"Activities - La Transparence\" \/>\n<meta property=\"og:description\" content=\"Facing the most iconic volcanoes of the Cha\u00eene des Puys in the middle of nature on a site of more than 11,000 square meters La Transparence remains at the heart of the action. Here you are never far from anything!\" \/>\n<meta property=\"og:url\" content=\"https:\/\/la-transparence.fr\/en\/welcome-to-la-transparence\/activities\/\" \/>\n<meta property=\"og:site_name\" content=\"La Transparence\" \/>\n<meta property=\"article:modified_time\" content=\"2023-03-20T20:23:19+00:00\" \/>\n<meta property=\"og:image\" content=\"https:\/\/la-transparence.fr\/wp-content\/uploads\/2022\/09\/Paysage_Chaine_des_Puys_1169x780.jpg\" \/>\n\t<meta property=\"og:image:width\" content=\"1169\" \/>\n\t<meta property=\"og:image:height\" content=\"780\" \/>\n\t<meta property=\"og:image:type\" content=\"image\/jpeg\" \/>\n<meta name=\"twitter:card\" content=\"summary_large_image\" \/>\n<script type=\"application\/ld+json\" class=\"yoast-schema-graph\">{\"@context\":\"https:\\\/\\\/schema.org\",\"@graph\":[{\"@type\":\"WebPage\",\"@id\":\"https:\\\/\\\/la-transparence.fr\\\/en\\\/welcome-to-la-transparence\\\/activities\\\/\",\"url\":\"https:\\\/\\\/la-transparence.fr\\\/en\\\/welcome-to-la-transparence\\\/activities\\\/\",\"name\":\"Activities - La Transparence\",\"isPartOf\":{\"@id\":\"https:\\\/\\\/la-transparence.fr\\\/en\\\/#website\"},\"primaryImageOfPage\":{\"@id\":\"https:\\\/\\\/la-transparence.fr\\\/en\\\/welcome-to-la-transparence\\\/activities\\\/#primaryimage\"},\"image\":{\"@id\":\"https:\\\/\\\/la-transparence.fr\\\/en\\\/welcome-to-la-transparence\\\/activities\\\/#primaryimage\"},\"thumbnailUrl\":\"https:\\\/\\\/la-transparence.fr\\\/wp-content\\\/uploads\\\/2022\\\/09\\\/Paysage_Chaine_des_Puys_1169x780.jpg\",\"datePublished\":\"2023-02-06T22:10:54+00:00\",\"dateModified\":\"2023-03-20T20:23:19+00:00\",\"breadcrumb\":{\"@id\":\"https:\\\/\\\/la-transparence.fr\\\/en\\\/welcome-to-la-transparence\\\/activities\\\/#breadcrumb\"},\"inLanguage\":\"en-US\",\"potentialAction\":[{\"@type\":\"ReadAction\",\"target\":[\"https:\\\/\\\/la-transparence.fr\\\/en\\\/welcome-to-la-transparence\\\/activities\\\/\"]}]},{\"@type\":\"ImageObject\",\"inLanguage\":\"en-US\",\"@id\":\"https:\\\/\\\/la-transparence.fr\\\/en\\\/welcome-to-la-transparence\\\/activities\\\/#primaryimage\",\"url\":\"https:\\\/\\\/la-transparence.fr\\\/wp-content\\\/uploads\\\/2022\\\/09\\\/Paysage_Chaine_des_Puys_1169x780.jpg\",\"contentUrl\":\"https:\\\/\\\/la-transparence.fr\\\/wp-content\\\/uploads\\\/2022\\\/09\\\/Paysage_Chaine_des_Puys_1169x780.jpg\",\"width\":1169,\"height\":780,\"caption\":\"Du haut de ses 1465 m\u00e8tres le Puy de D\u00f4me domine la cha\u00eene des Puys\"},{\"@type\":\"BreadcrumbList\",\"@id\":\"https:\\\/\\\/la-transparence.fr\\\/en\\\/welcome-to-la-transparence\\\/activities\\\/#breadcrumb\",\"itemListElement\":[{\"@type\":\"ListItem\",\"position\":1,\"name\":\"Home\",\"item\":\"https:\\\/\\\/la-transparence.fr\\\/en\\\/welcome-to-la-transparence\\\/\"},{\"@type\":\"ListItem\",\"position\":2,\"name\":\"Activities\"}]},{\"@type\":\"WebSite\",\"@id\":\"https:\\\/\\\/la-transparence.fr\\\/en\\\/#website\",\"url\":\"https:\\\/\\\/la-transparence.fr\\\/en\\\/\",\"name\":\"La Transparence\",\"description\":\"Bed and Breakfast in the midst of Auvergne Volcanoes Park\",\"publisher\":{\"@id\":\"https:\\\/\\\/la-transparence.fr\\\/en\\\/#organization\"},\"potentialAction\":[{\"@type\":\"SearchAction\",\"target\":{\"@type\":\"EntryPoint\",\"urlTemplate\":\"https:\\\/\\\/la-transparence.fr\\\/en\\\/?s={search_term_string}\"},\"query-input\":{\"@type\":\"PropertyValueSpecification\",\"valueRequired\":true,\"valueName\":\"search_term_string\"}}],\"inLanguage\":\"en-US\"},{\"@type\":\"Organization\",\"@id\":\"https:\\\/\\\/la-transparence.fr\\\/en\\\/#organization\",\"name\":\"La Transparence\",\"url\":\"https:\\\/\\\/la-transparence.fr\\\/en\\\/\",\"logo\":{\"@type\":\"ImageObject\",\"inLanguage\":\"en-US\",\"@id\":\"https:\\\/\\\/la-transparence.fr\\\/en\\\/#\\\/schema\\\/logo\\\/image\\\/\",\"url\":\"https:\\\/\\\/la-transparence.fr\\\/wp-content\\\/uploads\\\/2022\\\/09\\\/Logo-Beige-27x40-1.png\",\"contentUrl\":\"https:\\\/\\\/la-transparence.fr\\\/wp-content\\\/uploads\\\/2022\\\/09\\\/Logo-Beige-27x40-1.png\",\"width\":27,\"height\":40,\"caption\":\"La Transparence\"},\"image\":{\"@id\":\"https:\\\/\\\/la-transparence.fr\\\/en\\\/#\\\/schema\\\/logo\\\/image\\\/\"}}]}<\/script>\n<!-- \/ Yoast SEO plugin. -->","yoast_head_json":{"title":"Activities - La Transparence","robots":{"index":"index","follow":"follow","max-snippet":"max-snippet:-1","max-image-preview":"max-image-preview:large","max-video-preview":"max-video-preview:-1"},"canonical":"https:\/\/la-transparence.fr\/en\/welcome-to-la-transparence\/activities\/","og_locale":"en_US","og_type":"article","og_title":"Activities - La Transparence","og_description":"Facing the most iconic volcanoes of the Cha\u00eene des Puys in the middle of nature on a site of more than 11,000 square meters La Transparence remains at the heart of the action. Here you are never far from anything!","og_url":"https:\/\/la-transparence.fr\/en\/welcome-to-la-transparence\/activities\/","og_site_name":"La Transparence","article_modified_time":"2023-03-20T20:23:19+00:00","og_image":[{"width":1169,"height":780,"url":"https:\/\/la-transparence.fr\/wp-content\/uploads\/2022\/09\/Paysage_Chaine_des_Puys_1169x780.jpg","type":"image\/jpeg"}],"twitter_card":"summary_large_image","schema":{"@context":"https:\/\/schema.org","@graph":[{"@type":"WebPage","@id":"https:\/\/la-transparence.fr\/en\/welcome-to-la-transparence\/activities\/","url":"https:\/\/la-transparence.fr\/en\/welcome-to-la-transparence\/activities\/","name":"Activities - La Transparence","isPartOf":{"@id":"https:\/\/la-transparence.fr\/en\/#website"},"primaryImageOfPage":{"@id":"https:\/\/la-transparence.fr\/en\/welcome-to-la-transparence\/activities\/#primaryimage"},"image":{"@id":"https:\/\/la-transparence.fr\/en\/welcome-to-la-transparence\/activities\/#primaryimage"},"thumbnailUrl":"https:\/\/la-transparence.fr\/wp-content\/uploads\/2022\/09\/Paysage_Chaine_des_Puys_1169x780.jpg","datePublished":"2023-02-06T22:10:54+00:00","dateModified":"2023-03-20T20:23:19+00:00","breadcrumb":{"@id":"https:\/\/la-transparence.fr\/en\/welcome-to-la-transparence\/activities\/#breadcrumb"},"inLanguage":"en-US","potentialAction":[{"@type":"ReadAction","target":["https:\/\/la-transparence.fr\/en\/welcome-to-la-transparence\/activities\/"]}]},{"@type":"ImageObject","inLanguage":"en-US","@id":"https:\/\/la-transparence.fr\/en\/welcome-to-la-transparence\/activities\/#primaryimage","url":"https:\/\/la-transparence.fr\/wp-content\/uploads\/2022\/09\/Paysage_Chaine_des_Puys_1169x780.jpg","contentUrl":"https:\/\/la-transparence.fr\/wp-content\/uploads\/2022\/09\/Paysage_Chaine_des_Puys_1169x780.jpg","width":1169,"height":780,"caption":"Du haut de ses 1465 m\u00e8tres le Puy de D\u00f4me domine la cha\u00eene des Puys"},{"@type":"BreadcrumbList","@id":"https:\/\/la-transparence.fr\/en\/welcome-to-la-transparence\/activities\/#breadcrumb","itemListElement":[{"@type":"ListItem","position":1,"name":"Home","item":"https:\/\/la-transparence.fr\/en\/welcome-to-la-transparence\/"},{"@type":"ListItem","position":2,"name":"Activities"}]},{"@type":"WebSite","@id":"https:\/\/la-transparence.fr\/en\/#website","url":"https:\/\/la-transparence.fr\/en\/","name":"La Transparence","description":"Bed and Breakfast in the midst of Auvergne Volcanoes Park","publisher":{"@id":"https:\/\/la-transparence.fr\/en\/#organization"},"potentialAction":[{"@type":"SearchAction","target":{"@type":"EntryPoint","urlTemplate":"https:\/\/la-transparence.fr\/en\/?s={search_term_string}"},"query-input":{"@type":"PropertyValueSpecification","valueRequired":true,"valueName":"search_term_string"}}],"inLanguage":"en-US"},{"@type":"Organization","@id":"https:\/\/la-transparence.fr\/en\/#organization","name":"La Transparence","url":"https:\/\/la-transparence.fr\/en\/","logo":{"@type":"ImageObject","inLanguage":"en-US","@id":"https:\/\/la-transparence.fr\/en\/#\/schema\/logo\/image\/","url":"https:\/\/la-transparence.fr\/wp-content\/uploads\/2022\/09\/Logo-Beige-27x40-1.png","contentUrl":"https:\/\/la-transparence.fr\/wp-content\/uploads\/2022\/09\/Logo-Beige-27x40-1.png","width":27,"height":40,"caption":"La Transparence"},"image":{"@id":"https:\/\/la-transparence.fr\/en\/#\/schema\/logo\/image\/"}}]}},"_links":{"self":[{"href":"https:\/\/la-transparence.fr\/en\/wp-json\/wp\/v2\/pages\/3870","targetHints":{"allow":["GET"]}}],"collection":[{"href":"https:\/\/la-transparence.fr\/en\/wp-json\/wp\/v2\/pages"}],"about":[{"href":"https:\/\/la-transparence.fr\/en\/wp-json\/wp\/v2\/types\/page"}],"author":[{"embeddable":true,"href":"https:\/\/la-transparence.fr\/en\/wp-json\/wp\/v2\/users\/1"}],"replies":[{"embeddable":true,"href":"https:\/\/la-transparence.fr\/en\/wp-json\/wp\/v2\/comments?post=3870"}],"version-history":[{"count":0,"href":"https:\/\/la-transparence.fr\/en\/wp-json\/wp\/v2\/pages\/3870\/revisions"}],"up":[{"embeddable":true,"href":"https:\/\/la-transparence.fr\/en\/wp-json\/wp\/v2\/pages\/3956"}],"wp:featuredmedia":[{"embeddable":true,"href":"https:\/\/la-transparence.fr\/en\/wp-json\/wp\/v2\/media\/3768"}],"wp:attachment":[{"href":"https:\/\/la-transparence.fr\/en\/wp-json\/wp\/v2\/media?parent=3870"}],"curies":[{"name":"wp","href":"https:\/\/api.w.org\/{rel}","templated":true}]}}